{"id":10,"date":"2015-01-22T21:03:40","date_gmt":"2015-01-22T21:03:40","guid":{"rendered":"http:\/\/airport-car.de\/wordpress\/?page_id=10"},"modified":"2015-01-27T18:45:50","modified_gmt":"2015-01-27T17:45:50","slug":"agb","status":"publish","type":"page","link":"http:\/\/www.airport-car.de\/?page_id=10","title":{"rendered":"AGB"},"content":{"rendered":"<p>Eine Bef\u00f6rderung ist nur mit einem g\u00fcltigen Ticket m\u00f6glich.<\/p>\n<p>Leistungsumfang und Bef\u00f6rderungspreis richten sich nach der jeweils g\u00fcltigen Preisliste.<\/p>\n<p>Die Abholzeit richtet sich nach der planm\u00e4\u00dfigen Abflug- bzw. Ankunftszeit Ihres Fluges. Wir holen Sie in der Regel so fr\u00fch ab, dass Sie ca. 1,5 Stunden vor Abflug Ihres Fluges am Flughafen eintreffen.<\/p>\n<p>Nicht haften k\u00f6nnen wir f\u00fcr Versp\u00e4tungen, hervorgerufen durch Ereignisse, wie z.B. pl\u00f6tzlich einbrechender Schneefall, Glatteis oder l\u00e4ngere Wartezeiten durch auftretende Verkehrsstaus.<\/p>\n<p>Bei Ereignissen die evtl. eine Verz\u00f6gerung nach sich ziehen und bekannt sind, w\u00fcrden wir uns mit Ihnen in Verbindung setzen.<\/p>\n<p>Die Abholung richtet sich nach der planm\u00e4\u00dfigen Ankunftszeit Ihres Fluges. Bei geringf\u00fcgiger Versp\u00e4tung warten wir am Meeting-Point bis maximal 90 Minuten \u00fcber die planm\u00e4\u00dfige Ankunftszeit hinaus.<\/p>\n<p>Sollte 30 Minuten nach Ihrer Ankunft am Meeting-Point kein Fahrer von Airport-Car-Wadle bereit stehen, rufen Sie uns bitte sofort an. (Telefon: 07243-526126 oder Mobil: 0175-4346430)<\/p>\n<p>Bei gr\u00f6\u00dferen Versp\u00e4tungen, Ausfall oder Verschiebung eines Fluges entf\u00e4llt der Anspruch auf Bef\u00f6rderung. Eine R\u00fcckforderung des anteiligen Bef\u00f6rderungsentgeldes ist auszuschlie\u00dfen.<\/p>\n<p>Bei evtl. fr\u00fcher ankommenden Fl\u00fcgen die dem Fluggast bekannt sind, sind wir fernm\u00fcndlich entsprechend zu informieren.<\/p>\n<p>Bei Fahrzeugausf\u00e4llen jeglicher Art erstatten wir eine Bahnfahrt 2. Klasse. Wir bem\u00fchen uns jedoch ein Ersatzfahrzeug zu beschaffen. Taxifahrten werden wir nicht ersetzen.<\/p>\n<p>F\u00fcr Personensch\u00e4den haftet Airport-Car-Wadle lediglich durch die abgeschlossene Haft- bzw. Unfallversicherung. Voraussetzung ist grob fahrl\u00e4ssige oder vors\u00e4tzlich herbeigef\u00fchrte Schadensverursachung durch Airport-Car-Wadle oder deren Erf\u00fcllungshilfen.<\/p>\n<p>Der Fahrpreis kann vor Antritt des Transfers jedoch sp\u00e4testens bei Ankunft am Flughafen entrichtet werden. Wir bitten um Bargeld oder Euroschecks mit g\u00fcltiger EC-Karte.<\/p>\n<p>Wir bitten w\u00e4hrend des Transfers vom und zum Flughafen m\u00f6glichst nicht zu Rauchen. Wir bitten um Ihr Verst\u00e4ndnis.<\/p>\n","protected":false},"excerpt":{"rendered":"<p>Eine Bef\u00f6rderung ist nur mit einem g\u00fcltigen Ticket m\u00f6glich. Leistungsumfang und Bef\u00f6rderungspreis richten sich nach der jeweils g\u00fcltigen Preisliste. Die Abholzeit richtet sich nach der planm\u00e4\u00dfigen Abflug- bzw. Ankunftszeit Ihres Fluges. Wir holen Sie in der Regel so fr\u00fch ab, dass Sie ca. 1,5 Stunden vor Abflug Ihres Fluges am Flughafen eintreffen. Nicht haften k\u00f6nnen &hellip; <\/p>\n<p class=\"link-more\"><a href=\"http:\/\/www.airport-car.de\/?page_id=10\" class=\"more-link\"><span class=\"screen-reader-text\">\u201eAGB\u201c<\/span> weiterlesen<\/a><\/p>\n","protected":false},"author":1,"featured_media":0,"parent":0,"menu_order":0,"comment_status":"open","ping_status":"open","template":"","meta":[],"_links":{"self":[{"href":"http:\/\/www.airport-car.de\/index.php?rest_route=\/wp\/v2\/pages\/10"}],"collection":[{"href":"http:\/\/www.airport-car.de\/index.php?rest_route=\/wp\/v2\/pages"}],"about":[{"href":"http:\/\/www.airport-car.de\/index.php?rest_route=\/wp\/v2\/types\/page"}],"author":[{"embeddable":true,"href":"http:\/\/www.airport-car.de\/index.php?rest_route=\/wp\/v2\/users\/1"}],"replies":[{"embeddable":true,"href":"http:\/\/www.airport-car.de\/index.php?rest_route=%2Fwp%2Fv2%2Fcomments&post=10"}],"version-history":[{"count":12,"href":"http:\/\/www.airport-car.de\/index.php?rest_route=\/wp\/v2\/pages\/10\/revisions"}],"predecessor-version":[{"id":49,"href":"http:\/\/www.airport-car.de\/index.php?rest_route=\/wp\/v2\/pages\/10\/revisions\/49"}],"wp:attachment":[{"href":"http:\/\/www.airport-car.de\/index.php?rest_route=%2Fwp%2Fv2%2Fmedia&parent=10"}],"curies":[{"name":"wp","href":"https:\/\/api.w.org\/{rel}","templated":true}]}}